{"id":5565,"date":"2021-12-03T12:54:19","date_gmt":"2021-12-03T10:54:19","guid":{"rendered":"https:\/\/www.mele.cat\/aviso-legal\/"},"modified":"2021-12-03T13:21:18","modified_gmt":"2021-12-03T11:21:18","slug":"aviso-legal","status":"publish","type":"page","link":"https:\/\/mele.cat\/en\/aviso-legal\/","title":{"rendered":"Aviso Legal"},"content":{"rendered":"<p>[vc_row row_type=&#8221;row&#8221; use_row_as_full_screen_section=&#8221;no&#8221; type=&#8221;full_width&#8221; text_align=&#8221;left&#8221; background_animation=&#8221;none&#8221; css_animation=&#8221;&#8221;][vc_column][vc_column_text]<\/p>\n<h3>AVISO LEGAL<\/h3>\n<p>[\/vc_column_text][vc_empty_space][vc_column_text]<\/p>\n<p><span style=\"font-weight: 400;\">En cumplimiento del art\u00edculo 10 de la Ley 34\/2002, de 11 de julio, de Servicios de la Sociedad de la Informaci\u00f3n y Comercio Electr\u00f3nico (LSSICE) a continuaci\u00f3n se detallan los datos identificativos de la entidad:<\/span><\/p>\n<ul>\n<li><span style=\"font-weight: 400;\">Raz\u00f3n social: MELGAMON, SL\u00a0<\/span><\/li>\n<li><span style=\"font-weight: 400;\">NIF: B22179840<\/span><\/li>\n<li><span style=\"font-weight: 400;\">Direcci\u00f3n: calle Via Aurelia, 21 -bajo &#8211; 43840 &#8211; Salou &#8211; TARRAGONA<\/span><\/li>\n<li><span style=\"font-weight: 400;\">Tel\u00e9fono: 977381062<\/span><\/li>\n<li><span style=\"font-weight: 400;\">Email: info@mele.cat<\/span><\/li>\n<li><span style=\"font-weight: 400;\">Registro Mercantil: Registro mercantil de Huesca, T 262, L 104, F 128, H HU-2680, I\/A 1\u00aa (27.07.94)<\/span><\/li>\n<\/ul>\n<p>[\/vc_column_text][vc_empty_space][vc_column_text]<\/p>\n<h4>FINALIDAD DE LA P\u00c1GINA WEB<\/h4>\n<p><span style=\"font-weight: 400;\">Informar debidamente de los productos y\/o servicios prestados por la entidad, as\u00ed como, todos aquellos eventos celebrados con relaci\u00f3n a sus servicios.<\/span><\/p>\n<p><span style=\"font-weight: 400;\">Gestionar la compra online de los productos ofertados, as\u00ed como, facilitar el contacto con la misma.<\/span><\/p>\n<p><span style=\"font-weight: 400;\">El presente aviso legal (en adelante, el &#8220;Aviso Legal&#8221;) regula el uso del sitio web: <\/span><span style=\"font-weight: 400;\">www.mele.cat<\/span><\/p>\n<p>[\/vc_column_text][vc_empty_space][vc_column_text]<\/p>\n<h4>LEGISLACI\u00d3N<\/h4>\n<p><span style=\"font-weight: 400;\">Con car\u00e1cter general las relaciones entre MELGAMON, SL\u00a0 y los Usuarios de sus servicios telem\u00e1ticos, presentes en este sitio web, se encuentran sometidas a la legislaci\u00f3n y jurisdicci\u00f3n espa\u00f1olas.<\/span><\/p>\n<p>[\/vc_column_text][vc_empty_space][vc_column_text]<\/p>\n<h4>USO Y ACCESO DE USUARIOS<\/h4>\n<p><span style=\"font-weight: 400;\">El Usuario queda informado, y acepta, que el acceso a la presente web no supone, en modo alguno, el inicio de una relaci\u00f3n comercial con MELGAMON, SL o cualquiera de sus delegaciones.<\/span><\/p>\n<p>[\/vc_column_text][vc_empty_space][vc_column_text]<\/p>\n<h4>PROPIEDAD INTELECTUAL E INDUSTRIAL<\/h4>\n<p><span style=\"font-weight: 400;\">Los derechos de propiedad intelectual del contenido de las p\u00e1ginas web, su dise\u00f1o gr\u00e1fico y c\u00f3digos son titularidad de MELGAMON, SL y, por tanto, queda prohibida su reproducci\u00f3n, distribuci\u00f3n, comunicaci\u00f3n p\u00fablica, transformaci\u00f3n o cualquier otra actividad que se pueda realizar con los contenidos de sus p\u00e1ginas web ni aun citando las fuentes, salvo consentimiento por escrito de MELGAMON, SL.<\/span><\/p>\n<p>[\/vc_column_text][vc_empty_space][vc_column_text]<\/p>\n<h4>CONTENIDO DE LA WEB Y ENLACES (LINKS)<\/h4>\n<p><span style=\"font-weight: 400;\">MELGAMON, SL\u00a0 se reserva el derecho a actualizar, modificar o eliminar la informaci\u00f3n contenida en sus p\u00e1ginas web pudiendo incluso limitar o no permitir el acceso a dicha informaci\u00f3n a ciertos usuarios.<\/span><\/p>\n<p><span style=\"font-weight: 400;\">MELGAMON, SL no asume responsabilidad alguna por la informaci\u00f3n contenida en p\u00e1ginas web de terceros a las que se pueda acceder por &#8220;links&#8221; o enlaces desde cualquier p\u00e1gina web propiedad de MELGAMON, SL. La presencia de &#8220;links&#8221; o enlaces en las p\u00e1ginas web de MELGAMON, SL\u00a0 tiene finalidad meramente informativa y en ning\u00fan caso supone sugerencia, invitaci\u00f3n o recomendaci\u00f3n sobre los mismos.<\/span>[\/vc_column_text][vc_empty_space][\/vc_column][\/vc_row]<\/p>\n","protected":false},"excerpt":{"rendered":"<p>[vc_row row_type=&#8221;row&#8221; use_row_as_full_screen_section=&#8221;no&#8221; type=&#8221;full_width&#8221; text_align=&#8221;left&#8221; background_animation=&#8221;none&#8221; css_animation=&#8221;&#8221;][vc_column][vc_column_text] AVISO LEGAL [\/vc_column_text][vc_empty_space][vc_column_text] En cumplimiento del art\u00edculo 10 de la Ley 34\/2002, de 11 de julio, de Servicios&#8230;<\/p>\n","protected":false},"author":1,"featured_media":0,"parent":0,"menu_order":0,"comment_status":"closed","ping_status":"closed","template":"","meta":{"jetpack_post_was_ever_published":false,"footnotes":""},"jetpack_sharing_enabled":true,"jetpack_shortlink":"https:\/\/wp.me\/P9OkGD-1rL","jetpack-related-posts":[],"_links":{"self":[{"href":"https:\/\/mele.cat\/en\/wp-json\/wp\/v2\/pages\/5565"}],"collection":[{"href":"https:\/\/mele.cat\/en\/wp-json\/wp\/v2\/pages"}],"about":[{"href":"https:\/\/mele.cat\/en\/wp-json\/wp\/v2\/types\/page"}],"author":[{"embeddable":true,"href":"https:\/\/mele.cat\/en\/wp-json\/wp\/v2\/users\/1"}],"replies":[{"embeddable":true,"href":"https:\/\/mele.cat\/en\/wp-json\/wp\/v2\/comments?post=5565"}],"version-history":[{"count":1,"href":"https:\/\/mele.cat\/en\/wp-json\/wp\/v2\/pages\/5565\/revisions"}],"predecessor-version":[{"id":5566,"href":"https:\/\/mele.cat\/en\/wp-json\/wp\/v2\/pages\/5565\/revisions\/5566"}],"wp:attachment":[{"href":"https:\/\/mele.cat\/en\/wp-json\/wp\/v2\/media?parent=5565"}],"curies":[{"name":"wp","href":"https:\/\/api.w.org\/{rel}","templated":true}]}}