{"id":5574,"date":"2021-12-03T13:23:32","date_gmt":"2021-12-03T11:23:32","guid":{"rendered":"https:\/\/www.mele.cat\/?page_id=5574"},"modified":"2023-03-27T15:25:38","modified_gmt":"2023-03-27T13:25:38","slug":"politica-de-privacidad","status":"publish","type":"page","link":"https:\/\/mele.cat\/en\/politica-de-privacidad\/","title":{"rendered":"Pol\u00edtica de Privacidad"},"content":{"rendered":"<p>[vc_row row_type=&#8221;row&#8221; use_row_as_full_screen_section=&#8221;no&#8221; type=&#8221;full_width&#8221; text_align=&#8221;left&#8221; background_animation=&#8221;none&#8221; css_animation=&#8221;&#8221;][vc_column][vc_empty_space][vc_column_text]<\/p>\n<h3 class=\"internal\">Pol\u00edtica de Privacidad de la web www.mele.cat<\/h3>\n<p>[\/vc_column_text][vc_empty_space][vc_column_text]<span style=\"font-weight: 400;\">INFORMACI\u00d3N B\u00c1SICA SOBRE PROTECCI\u00d3N DE DATOS:<\/span><\/p>\n<p><b>Responsable:<\/b><span style=\"font-weight: 400;\"> MELGAMON, SL<\/span><\/p>\n<p><b>Finalidad: <\/b><span style=\"font-weight: 400;\">Informarle sobre los productos y servicios publicados en nuestra web<\/span><\/p>\n<p><b>Legitimaci\u00f3n:<\/b><span style=\"font-weight: 400;\"> por consentimiento del interesado<\/span><\/p>\n<p><b>Plazo de conservaci\u00f3n:<\/b><span style=\"font-weight: 400;\"> el legalmente establecido<\/span><\/p>\n<p><b>Destinatarios:<\/b><span style=\"font-weight: 400;\"> No se ceder\u00e1n datos a terceros, salvo obligaci\u00f3n legal<\/span><\/p>\n<p><b>Derechos<\/b><span style=\"font-weight: 400;\">: Tiene derecho a acceder, rectificar y suprimir los datos, as\u00ed como otros derechos, como se explica en la informaci\u00f3n adicional.<\/span><\/p>\n<p><span style=\"font-weight: 400;\">Ubicaci\u00f3n: Puede consultar la informaci\u00f3n adicional y detallada sobre Protecci\u00f3n de Datos en el apartado <\/span><a href=\"https:\/\/mele.cat\/aviso-legal\/\"><b>AVISO LEGAL<\/b><\/a><span style=\"font-weight: 400;\">, situado en esta misma web<\/span>[\/vc_column_text][vc_empty_space][vc_column_text]<\/p>\n<h4><b>Responsable:\u00a0<\/b><\/h4>\n<ul>\n<li><span style=\"font-weight: 400;\">Titular: MELGAMON, SL<\/span><\/li>\n<li><span style=\"font-weight: 400;\">C.I.F: B22179840<\/span><\/li>\n<li><span style=\"font-weight: 400;\">Domicilio social: calle Via Aurelia, 21 -bajo &#8211; 43840 &#8211; Salou &#8211; TARRAGONA, Salou<\/span><\/li>\n<li><span style=\"font-weight: 400;\">E-mail: info@mele.cat<\/span><\/li>\n<li>Tel\u00e9fono: 977381062<\/li>\n<\/ul>\n<p><span style=\"font-weight: 400;\">MELGAMON, SL es el responsable del tratamiento de los datos personales y les informa que estos datos ser\u00e1n tratados de conformidad con lo dispuesto en el Reglamento (UE) 2016\/679 de 27 de abril de 2016 (GDPR), por lo que se le facilita la siguiente informaci\u00f3n del tratamiento:<\/span>[\/vc_column_text][vc_empty_space][vc_column_text]<\/p>\n<h4><b>Finalidad del tratamiento:<\/b><span style=\"font-weight: 400;\">\u00a0<\/span><\/h4>\n<ul>\n<li><span style=\"font-weight: 400;\">La prestaci\u00f3n de nuestros servicios relacionados con el comercio al por menor de productos textiles<\/span><\/li>\n<li><span style=\"font-weight: 400;\">Dar respuesta a las solicitudes de informaci\u00f3n que nos haga llegar a trav\u00e9s de los formularios de contacto<\/span><\/li>\n<li>Env\u00edo de comunicaciones comerciales sobre nuestros productos y servicios<\/li>\n<\/ul>\n<p><span style=\"font-weight: 400;\">Los datos personales que el Usuario de nuestra web nos facilita mediante los formularios y funcionalidades habilitadas en la misma, ser\u00e1n tratados con car\u00e1cter general con el fin de facilitar la informaci\u00f3n solicitada por los Usuarios, atender sus consultas o solicitudes, as\u00ed como con cualquier otra finalidad a la que se refieran los formularios y funcionalidades ofrecidas en cada momento a trav\u00e9s de la web.<\/span>[\/vc_column_text][vc_empty_space][vc_column_text]<\/p>\n<h4><b>Legitimaci\u00f3n:<\/b><span style=\"font-weight: 400;\">\u00a0<\/span><\/h4>\n<p><span style=\"font-weight: 400;\">MELGAMON, SL, tratar\u00e1 los datos personales facilitados por el propio interesado para dar respuesta a su solicitud de informaci\u00f3n, o para la prestaci\u00f3n del servicio solicitado, mediante el consentimiento del interesado. El usuario tiene derecho a retirar el consentimiento prestado en cualquier momento.<\/span><\/p>\n<p><span style=\"font-weight: 400;\">La base legal de los tratamientos es el consentimiento otorgado por los Usuarios prestado mediante la aceptaci\u00f3n de la presente Pol\u00edtica de Privacidad y las casillas correspondientes.<\/span>[\/vc_column_text][vc_empty_space][vc_column_text]<\/p>\n<h4><b>Criterios de conservaci\u00f3n de los datos:<\/b><span style=\"font-weight: 400;\">\u00a0<\/span><\/h4>\n<p><span style=\"font-weight: 400;\">Se conservar\u00e1n mientras exista un inter\u00e9s mutuo para mantener el fin del tratamiento y cuando ya no sea necesario para tal fin, se suprimir\u00e1n con medidas de seguridad adecuadas para garantizar la seudonimizaci\u00f3n de los datos o la destrucci\u00f3n total de los mismos.<\/span>[\/vc_column_text][vc_empty_space][vc_column_text]<\/p>\n<h4><b>Destinatarios:<\/b><span style=\"font-weight: 400;\">\u00a0<\/span><\/h4>\n<p><span style=\"font-weight: 400;\">MELGAMON, SL no ceder\u00e1 datos personales a terceros, salvo cuando exista una obligaci\u00f3n legal al respecto. En estos casos, nos aseguramos de que los destinatarios respetan la confidencialidad y cuentan con las medidas adecuadas para proteger los datos personales.<\/span><\/p>\n<p><span style=\"font-weight: 400;\">Los proveedores de servicios externos con los que MELGAMON, SL trabaja, pueden tener acceso a datos para proporcionar los servicios correspondientes, sin embargo, no usan dicha informaci\u00f3n para fines propios o para cesi\u00f3n a terceros.<\/span>[\/vc_column_text][vc_empty_space][vc_column_text]<b>Derechos que asisten al Interesado:<\/b><\/p>\n<ul>\n<li><span style=\"font-weight: 400;\">Derecho a <\/span><span style=\"font-weight: 400;\">retirar el consentimient<\/span><span style=\"font-weight: 400;\">o en cualquier momento.<\/span><\/li>\n<li><span style=\"font-weight: 400;\">Derecho de <\/span><span style=\"font-weight: 400;\">acceso<\/span><span style=\"font-weight: 400;\">, <\/span><span style=\"font-weight: 400;\">rectificaci\u00f3n<\/span><span style=\"font-weight: 400;\">, <\/span><span style=\"font-weight: 400;\">portabilidad<\/span><span style=\"font-weight: 400;\"> y <\/span><span style=\"font-weight: 400;\">supresi\u00f3n<\/span><span style=\"font-weight: 400;\"> de sus datos y a la <\/span><span style=\"font-weight: 400;\">limitaci\u00f3n<\/span><span style=\"font-weight: 400;\"> u <\/span><span style=\"font-weight: 400;\">oposici\u00f3n<\/span><span style=\"font-weight: 400;\"> a su tratamiento.<\/span><\/li>\n<li><span style=\"font-weight: 400;\">Derecho a presentar una reclamaci\u00f3n ante la Autoridad de control (www.agpd.es) si considera que el tratamiento no se ajusta a la normativa vigente.<\/span><\/li>\n<\/ul>\n<p><span style=\"font-weight: 400;\">Datos de contacto del Responsable del Tratamiento, para ejercer sus derechos:<\/span><\/p>\n<ul>\n<li><span style=\"font-weight: 400;\">Titular: MELGAMON, SL<\/span><\/li>\n<li><span style=\"font-weight: 400;\">C.I.F: B22179840<\/span><\/li>\n<li><span style=\"font-weight: 400;\">Domicilio social: calle Via Aurelia, 21 -bajo &#8211; 43840 &#8211; Salou &#8211; TARRAGONA<\/span><\/li>\n<li><span style=\"font-weight: 400;\">E-mail: info@mele.cat<\/span><\/li>\n<li><span style=\"font-weight: 400;\">Tel\u00e9fono: 977381062<\/span><\/li>\n<\/ul>\n<p>[\/vc_column_text][vc_empty_space][\/vc_column][\/vc_row]<\/p>\n","protected":false},"excerpt":{"rendered":"<p>[vc_row row_type=&#8221;row&#8221; use_row_as_full_screen_section=&#8221;no&#8221; type=&#8221;full_width&#8221; text_align=&#8221;left&#8221; background_animation=&#8221;none&#8221; css_animation=&#8221;&#8221;][vc_column][vc_empty_space][vc_column_text] Pol\u00edtica de Privacidad de la web www.mele.cat [\/vc_column_text][vc_empty_space][vc_column_text]INFORMACI\u00d3N B\u00c1SICA SOBRE PROTECCI\u00d3N DE DATOS: Responsable: MELGAMON, SL Finalidad: Informarle&#8230;<\/p>\n","protected":false},"author":1,"featured_media":0,"parent":0,"menu_order":0,"comment_status":"closed","ping_status":"closed","template":"","meta":{"jetpack_post_was_ever_published":false,"footnotes":""},"jetpack_sharing_enabled":true,"jetpack_shortlink":"https:\/\/wp.me\/P9OkGD-1rU","jetpack-related-posts":[],"_links":{"self":[{"href":"https:\/\/mele.cat\/en\/wp-json\/wp\/v2\/pages\/5574"}],"collection":[{"href":"https:\/\/mele.cat\/en\/wp-json\/wp\/v2\/pages"}],"about":[{"href":"https:\/\/mele.cat\/en\/wp-json\/wp\/v2\/types\/page"}],"author":[{"embeddable":true,"href":"https:\/\/mele.cat\/en\/wp-json\/wp\/v2\/users\/1"}],"replies":[{"embeddable":true,"href":"https:\/\/mele.cat\/en\/wp-json\/wp\/v2\/comments?post=5574"}],"version-history":[{"count":2,"href":"https:\/\/mele.cat\/en\/wp-json\/wp\/v2\/pages\/5574\/revisions"}],"predecessor-version":[{"id":9837,"href":"https:\/\/mele.cat\/en\/wp-json\/wp\/v2\/pages\/5574\/revisions\/9837"}],"wp:attachment":[{"href":"https:\/\/mele.cat\/en\/wp-json\/wp\/v2\/media?parent=5574"}],"curies":[{"name":"wp","href":"https:\/\/api.w.org\/{rel}","templated":true}]}}