{"id":698,"date":"2018-02-12T11:55:14","date_gmt":"2018-02-12T11:55:14","guid":{"rendered":"https:\/\/www.mele.cat\/contacte\/"},"modified":"2023-07-21T14:55:54","modified_gmt":"2023-07-21T12:55:54","slug":"contact","status":"publish","type":"page","link":"https:\/\/mele.cat\/en\/contact\/","title":{"rendered":"Contact"},"content":{"rendered":"<p>[vc_row row_type=&#8221;row&#8221; use_row_as_full_screen_section=&#8221;no&#8221; type=&#8221;full_width&#8221; text_align=&#8221;left&#8221; background_animation=&#8221;none&#8221; css_animation=&#8221;&#8221;][vc_column][\/vc_column][\/vc_row][vc_row row_type=&#8221;row&#8221; use_row_as_full_screen_section=&#8221;no&#8221; type=&#8221;grid&#8221; text_align=&#8221;left&#8221; background_animation=&#8221;none&#8221; padding_top=&#8221;25&#8243; padding_bottom=&#8221;35&#8243; css_animation=&#8221;&#8221;][vc_column width=&#8221;1\/2&#8243; offset=&#8221;vc_hidden-xs&#8221;][\/vc_column][vc_column width=&#8221;1\/2&#8243; offset=&#8221;vc_hidden-xs&#8221;][vc_column_text]<\/p>\n<h6 style=\"text-align: right;\">Central Office<\/h6>\n<p class=\"p1\" style=\"text-align: right;\">Via Aurelia, 21<\/p>\n<p class=\"p1\" style=\"text-align: right;\">SALOU<\/p>\n<h6 style=\"text-align: right;\">Contact<\/h6>\n<p class=\"p1\" style=\"text-align: right;\">Phone\u00a0<a href=\"tel:+34977381062\">(+34) 977 38 10 62<\/a><\/p>\n<p class=\"p1\" style=\"text-align: right;\">Mail\u00a0<a href=\"mailto:info@mele.cat\">info@mele.cat<\/a><\/p>\n<p>[\/vc_column_text][\/vc_column][\/vc_row][vc_row row_type=&#8221;row&#8221; use_row_as_full_screen_section=&#8221;no&#8221; type=&#8221;grid&#8221; text_align=&#8221;left&#8221; background_animation=&#8221;none&#8221; padding_top=&#8221;25&#8243; css_animation=&#8221;&#8221;][vc_column offset=&#8221;vc_hidden-lg vc_hidden-md vc_hidden-sm&#8221;][vc_separator type=&#8221;full_width&#8221; color=&#8221;#f2f2f2&#8243; border_style=&#8221;&#8221; thickness=&#8221;1&#8243; up=&#8221;25&#8243; down=&#8221;15&#8243;][vc_column_text]<\/p>\n<h6 style=\"text-align: center;\">Contact<\/h6>\n<p class=\"p1\" style=\"text-align: center;\">Phone\u00a0<a href=\"tel:+34977381062\">(+34) 977 38 10 62<\/a><\/p>\n<p class=\"p1\" style=\"text-align: center;\">Mail\u00a0<a href=\"mailto:info@mele.cat\">info@mele.cat<\/a><\/p>\n<p>[\/vc_column_text][vc_separator type=&#8221;full_width&#8221; color=&#8221;#f2f2f2&#8243; border_style=&#8221;&#8221; thickness=&#8221;1&#8243; up=&#8221;25&#8243; down=&#8221;15&#8243;][vc_column_text]<\/p>\n<h6 style=\"text-align: center;\">Central Office<\/h6>\n<p class=\"p1\" style=\"text-align: center;\">Via Aurelia, 21<\/p>\n<p class=\"p1\" style=\"text-align: center;\">SALOU<\/p>\n<p>[\/vc_column_text][\/vc_column][\/vc_row][vc_row row_type=&#8221;row&#8221; use_row_as_full_screen_section=&#8221;no&#8221; type=&#8221;full_width&#8221; text_align=&#8221;left&#8221; background_animation=&#8221;none&#8221; css_animation=&#8221;&#8221;][vc_column][vc_empty_space][\/vc_column][\/vc_row][vc_row row_type=&#8221;row&#8221; use_row_as_full_screen_section=&#8221;no&#8221; type=&#8221;full_width&#8221; text_align=&#8221;center&#8221; background_color=&#8221;#efcbcc&#8221; background_animation=&#8221;none&#8221; padding_top=&#8221;55&#8243; padding_bottom=&#8221;50&#8243; css_animation=&#8221;&#8221; css=&#8221;.vc_custom_1520854541124{background-color: #eecbc9 !important;}&#8221;][vc_column][vc_row_inner row_type=&#8221;row&#8221; type=&#8221;grid&#8221; use_row_as_full_screen_section_slide=&#8221;no&#8221; text_align=&#8221;left&#8221; css_animation=&#8221;&#8221; el_class=&#8221;cols_contact&#8221;][vc_column_inner width=&#8221;1\/6&#8243; css=&#8221;.vc_custom_1520846000582{background-color: #efdcdd !important;}&#8221;][vc_empty_space height=&#8221;15&#8243;][vc_single_image image=&#8221;394&#8243; img_size=&#8221;34&#215;60&#8243; alignment=&#8221;center&#8221; onclick=&#8221;custom_link&#8221; qode_css_animation=&#8221;&#8221; link=&#8221;tel:+34977381062&#8243;][vc_separator type=&#8221;small&#8221; position=&#8221;center&#8221; color=&#8221;#ffffff&#8221; border_style=&#8221;&#8221; thickness=&#8221;2&#8243; up=&#8221;25&#8243; down=&#8221;15&#8243;][vc_column_text]<\/p>\n<p style=\"text-align: center;\"><strong><span style=\"color: #ffffff;\"><a style=\"color: #ffffff;\" href=\"tel:+34977381062\">977 381 062<\/a><\/span><\/strong><\/p>\n<p>[\/vc_column_text][vc_empty_space height=&#8221;15&#8243;][\/vc_column_inner][vc_column_inner width=&#8221;1\/6&#8243; css=&#8221;.vc_custom_1520846137460{;background-color: #efdcdd !important;}&#8221;][vc_empty_space height=&#8221;15&#8243;]<span class=\"q_font_awsome_icon q_icon_shortcode normal q_font_awsome_icon_holder fa-4x pull-center \" style=\"color: #ffffff;margin: 0px 5px 0px 0px; \"><a href=\"mailto:info@mele.cat\" target=\"_blank\"><i class=\"fa fa-envelope\"><\/i><\/a><\/span>[vc_separator type=&#8221;small&#8221; position=&#8221;center&#8221; color=&#8221;#ffffff&#8221; border_style=&#8221;&#8221; thickness=&#8221;2&#8243; up=&#8221;25&#8243; down=&#8221;15&#8243;][vc_column_text]<\/p>\n<p style=\"text-align: center;\"><strong><span style=\"color: #ffffff;\"><a style=\"color: #ffffff;\" href=\"mailto:info@mele.cat\">info@mele.cat<\/a><\/span><\/strong><\/p>\n<p>[\/vc_column_text][vc_empty_space height=&#8221;15&#8243;][\/vc_column_inner][vc_column_inner width=&#8221;1\/6&#8243; css=&#8221;.vc_custom_1520846526855{background-color: #efdcdd !important;}&#8221;][vc_empty_space height=&#8221;15&#8243;]<span class=\"q_font_awsome_icon q_icon_shortcode normal q_font_awsome_icon_holder fa-4x pull-center \" style=\"color: #ffffff;margin: 0px 5px 0px 0px; \"><a href=\"https:\/\/www.google.es\/maps\/place\/Mele+showroom\/@41.0786395,1.1243274,17z\/data=!4m13!1m7!3m6!1s0x12a15a2de591e915:0x9c1e50560d108349!2sVia+Aur%C3%A8lia,+21,+43840+Salou,+Tarragona!3b1!8m2!3d41.0786395!4d1.1265161!3m4!1s0x12a15a2de5144f59:0xd24586148573d09e!8m2!3d41.0786395!4d1.1265161\" target=\"_blank\"><i class=\"fa fa-map-marker\"><\/i><\/a><\/span>[vc_separator type=&#8221;small&#8221; position=&#8221;center&#8221; color=&#8221;#ffffff&#8221; border_style=&#8221;&#8221; thickness=&#8221;2&#8243; up=&#8221;25&#8243; down=&#8221;15&#8243;][vc_column_text]<\/p>\n<p style=\"text-align: center;\"><strong><span style=\"color: #ffffff;\"><a style=\"color: #ffffff;\" href=\"https:\/\/www.google.es\/maps\/place\/Mele+showroom\/@41.0786395,1.1243274,17z\/data=!4m13!1m7!3m6!1s0x12a15a2de591e915:0x9c1e50560d108349!2sVia+Aur%C3%A8lia,+21,+43840+Salou,+Tarragona!3b1!8m2!3d41.0786395!4d1.1265161!3m4!1s0x12a15a2de5144f59:0xd24586148573d09e!8m2!3d41.0786395!4d1.1265161\">Via Aur\u00e8lia, 21, Salou<\/a><\/span><\/strong><\/p>\n<p>[\/vc_column_text][vc_empty_space height=&#8221;15&#8243;][\/vc_column_inner][vc_column_inner width=&#8221;1\/6&#8243; css=&#8221;.vc_custom_1520846219414{background-color: #efdcdd !important;}&#8221;][vc_empty_space height=&#8221;15&#8243;]<span class=\"q_font_awsome_icon q_icon_shortcode normal q_font_awsome_icon_holder fa-4x pull-center \" style=\"color: #ffffff;margin: 0px 5px 0px 0px; \"><a href=\"https:\/\/www.facebook.com\/meleofficial\" target=\"_blank\"><i class=\"fa fa-facebook\"><\/i><\/a><\/span>[vc_separator type=&#8221;small&#8221; position=&#8221;center&#8221; color=&#8221;#ffffff&#8221; border_style=&#8221;&#8221; thickness=&#8221;2&#8243; up=&#8221;25&#8243; down=&#8221;15&#8243;][vc_column_text]<\/p>\n<p style=\"text-align: center;\"><span style=\"color: #ffffff;\"><strong><a style=\"color: #ffffff;\" href=\"https:\/\/www.facebook.com\/meleofficial\">\/meleofficial<\/a><\/strong><\/span><\/p>\n<p>[\/vc_column_text][vc_empty_space height=&#8221;15&#8243;][\/vc_column_inner][vc_column_inner width=&#8221;1\/6&#8243; css=&#8221;.vc_custom_1520846227874{background-color: #efdcdd !important;}&#8221;][vc_empty_space height=&#8221;15&#8243;]<span class=\"q_font_awsome_icon q_icon_shortcode normal q_font_awsome_icon_holder fa-4x pull-center \" style=\"color: #ffffff;margin: 0px 5px 0px 0px; \"><a href=\"https:\/\/www.instagram.com\/mele_official\/\" target=\"_blank\"><i class=\"fa fa-instagram\"><\/i><\/a><\/span>[vc_separator type=&#8221;small&#8221; position=&#8221;center&#8221; color=&#8221;#ffffff&#8221; border_style=&#8221;&#8221; thickness=&#8221;2&#8243; up=&#8221;25&#8243; down=&#8221;15&#8243;][vc_column_text]<\/p>\n<p style=\"text-align: center;\"><strong><span style=\"color: #ffffff;\"><a style=\"color: #ffffff;\" href=\"https:\/\/www.instagram.com\/mele_official\/\">@mele_official<\/a><\/span><\/strong><\/p>\n<p>[\/vc_column_text][vc_empty_space height=&#8221;15&#8243;][\/vc_column_inner][\/vc_row_inner][\/vc_column][\/vc_row][vc_row row_type=&#8221;row&#8221; use_row_as_full_screen_section=&#8221;no&#8221; type=&#8221;full_width&#8221; text_align=&#8221;left&#8221; background_animation=&#8221;none&#8221; css_animation=&#8221;&#8221;][vc_column][vc_empty_space][vc_column_text]<\/p>\n<h6 style=\"text-align: center;\">Our boutiques:<\/h6>\n<p style=\"text-align: center;\"><span style=\"color: #999999;\"><em>Mel\u00e9 Boutique:\u00a0<\/em><\/span>Calle Drassanes, 15. Cambrils<\/p>\n<p style=\"text-align: center;\"><span style=\"color: #999999;\"><em>977368424 ~ 626536501<\/em><\/span><\/p>\n<p>&nbsp;<\/p>\n<p style=\"text-align: center;\"><span style=\"color: #999999;\"><em>Mel\u00e9 Boutique:\u00a0<\/em><\/span>Paseo Jaime I, 17. Salou<\/p>\n<p style=\"text-align: center;\"><span style=\"color: #999999;\"><em>977380384 ~ 697558807<\/em><\/span><\/p>\n<p>&nbsp;<\/p>\n<p style=\"text-align: center;\"><span style=\"color: #999999;\"><em>Mel\u00e9 Boutique:\u00a0<\/em><\/span>Travessera de Gr\u00e0cia, 97. Barcelona<\/p>\n<p style=\"text-align: center;\"><span style=\"color: #999999;\"><em>932372388 ~ 686180241<\/em><\/span><\/p>\n<p>[\/vc_column_text][vc_empty_space][\/vc_column][\/vc_row][vc_row row_type=&#8221;row&#8221; use_row_as_full_screen_section=&#8221;no&#8221; type=&#8221;grid&#8221; text_align=&#8221;left&#8221; background_animation=&#8221;none&#8221; padding_top=&#8221;55&#8243; padding_bottom=&#8221;55&#8243; css_animation=&#8221;&#8221;][vc_column][vc_column_text]<\/p>\n<h6 style=\"text-align: center;\">Find your closest boutiques<\/h6>\n<p>[\/vc_column_text][vc_separator type=&#8221;normal&#8221; border_style=&#8221;&#8221; up=&#8221;25&#8243; down=&#8221;15&#8243;][vc_raw_html]JTVCd3BzbCU1RA==[\/vc_raw_html][vc_empty_space height=&#8221;55&#8243;][vc_column_text]<\/p>\n<h6 style=\"text-align: center;\">Write us!<\/h6>\n<p>[\/vc_column_text][vc_separator type=&#8221;normal&#8221; border_style=&#8221;&#8221; up=&#8221;25&#8243; down=&#8221;15&#8243;][\/vc_column][\/vc_row][vc_row row_type=&#8221;row&#8221; use_row_as_full_screen_section=&#8221;no&#8221; type=&#8221;grid&#8221; text_align=&#8221;left&#8221; background_animation=&#8221;none&#8221; css_animation=&#8221;&#8221;][vc_column width=&#8221;1\/4&#8243;][\/vc_column][vc_column width=&#8221;1\/2&#8243;]\n<div class=\"wpcf7 no-js\" id=\"wpcf7-f717-o1\" lang=\"es-ES\" dir=\"ltr\">\n<div class=\"screen-reader-response\"><p role=\"status\" aria-live=\"polite\" aria-atomic=\"true\"><\/p> <ul><\/ul><\/div>\n<form action=\"\/en\/wp-json\/wp\/v2\/pages\/698#wpcf7-f717-o1\" method=\"post\" class=\"wpcf7-form init cf7_custom_style_1\" aria-label=\"Formulario de contacto\" novalidate=\"novalidate\" data-status=\"init\">\n<div style=\"display: none;\">\n<input type=\"hidden\" name=\"_wpcf7\" value=\"717\" \/>\n<input type=\"hidden\" name=\"_wpcf7_version\" value=\"5.9.8\" \/>\n<input type=\"hidden\" name=\"_wpcf7_locale\" value=\"es_ES\" \/>\n<input type=\"hidden\" name=\"_wpcf7_unit_tag\" value=\"wpcf7-f717-o1\" \/>\n<input type=\"hidden\" name=\"_wpcf7_container_post\" value=\"0\" \/>\n<input type=\"hidden\" name=\"_wpcf7_posted_data_hash\" value=\"\" \/>\n<\/div>\n<p><label> Name (required)<br \/>\n<span class=\"wpcf7-form-control-wrap\" data-name=\"your-name\"><input size=\"40\" maxlength=\"400\" class=\"wpcf7-form-control wpcf7-text wpcf7-validates-as-required\" aria-required=\"true\" aria-invalid=\"false\" value=\"\" type=\"text\" name=\"your-name\" \/><\/span> <\/label>\n<\/p>\n<p><label> Mail (required)<br \/>\n<span class=\"wpcf7-form-control-wrap\" data-name=\"your-email\"><input size=\"40\" maxlength=\"400\" class=\"wpcf7-form-control wpcf7-email wpcf7-validates-as-required wpcf7-text wpcf7-validates-as-email\" aria-required=\"true\" aria-invalid=\"false\" value=\"\" type=\"email\" name=\"your-email\" \/><\/span> <\/label>\n<\/p>\n<p><label> Subject<br \/>\n<span class=\"wpcf7-form-control-wrap\" data-name=\"your-subject\"><input size=\"40\" maxlength=\"400\" class=\"wpcf7-form-control wpcf7-text\" aria-invalid=\"false\" value=\"\" type=\"text\" name=\"your-subject\" \/><\/span> <\/label>\n<\/p>\n<p><label> Message<br \/>\n<span class=\"wpcf7-form-control-wrap\" data-name=\"your-message\"><textarea cols=\"40\" rows=\"10\" maxlength=\"2000\" class=\"wpcf7-form-control wpcf7-textarea\" aria-invalid=\"false\" name=\"your-message\"><\/textarea><\/span> <\/label>\n<\/p>\n<p style=\"line-height:20px; margin-bottom:30px;\"><small><b>Responsable:<\/b> MELGAMON, S.L.<br \/>\n<b>Finalidad:<\/b> Dar respuesta a sus consultas.<br \/>\n<b>Legitimaci\u00f3n:<\/b> por consentimiento del interesado<br \/>\n<b>Plazo de conservaci\u00f3n:<\/b> El legalmente establecido<br \/>\n<b>Destinatarios:<\/b> No se ceder\u00e1n datos a terceros, salvo obligaci\u00f3n legal<br \/>\n<b>Derechos:<\/b> Tiene usted derecho de acceso, rectificaci\u00f3n o supresi\u00f3n, oposici\u00f3n, limitaci\u00f3n al tratamiento, portabilidad de los datos, as\u00ed como a retirar el consentimiento en cualquier momento.<\/small>\n<\/p>\n<p style=\"line-height:14px; margin-bottom:20px;\"><span class=\"wpcf7-form-control-wrap\" data-name=\"acceptance-521\"><span class=\"wpcf7-form-control wpcf7-acceptance\"><span class=\"wpcf7-list-item\"><input type=\"checkbox\" name=\"acceptance-521\" value=\"1\" aria-invalid=\"false\" \/><\/span><\/span><\/span> HE LE\u00cdDO Y ACEPTO la <a href=\"\/politica-de-privacidad\/\">POL\u00cdTICA DE PRIVACIDAD<\/a>, y acepto el tratamiento de mis datos personales para el env\u00edo de informaci\u00f3n que responda a la consulta que he planteado.\n<\/p>\n<p><input class=\"wpcf7-form-control wpcf7-submit has-spinner\" type=\"submit\" value=\"Send\" \/>\n<\/p><p style=\"display: none !important;\" class=\"akismet-fields-container\" data-prefix=\"_wpcf7_ak_\"><label>&#916;<textarea name=\"_wpcf7_ak_hp_textarea\" cols=\"45\" rows=\"8\" maxlength=\"100\"><\/textarea><\/label><input type=\"hidden\" id=\"ak_js_1\" name=\"_wpcf7_ak_js\" value=\"66\"\/><script>document.getElementById( \"ak_js_1\" ).setAttribute( \"value\", ( new Date() ).getTime() );<\/script><\/p><div class=\"wpcf7-response-output\" aria-hidden=\"true\"><\/div>\n<\/form>\n<\/div>\n[\/vc_column][vc_column width=&#8221;1\/4&#8243;][\/vc_column][\/vc_row][vc_row row_type=&#8221;row&#8221; use_row_as_full_screen_section=&#8221;no&#8221; type=&#8221;full_width&#8221; text_align=&#8221;left&#8221; background_animation=&#8221;none&#8221; css_animation=&#8221;&#8221;][vc_column][vc_empty_space][\/vc_column][\/vc_row][vc_row row_type=&#8221;row&#8221; use_row_as_full_screen_section=&#8221;no&#8221; type=&#8221;full_width&#8221; text_align=&#8221;left&#8221; background_animation=&#8221;none&#8221; css_animation=&#8221;&#8221;][vc_column][vc_empty_space][\/vc_column][\/vc_row]<\/p>\n","protected":false},"excerpt":{"rendered":"<p>[vc_row row_type=&#8221;row&#8221; use_row_as_full_screen_section=&#8221;no&#8221; type=&#8221;full_width&#8221; text_align=&#8221;left&#8221; background_animation=&#8221;none&#8221; css_animation=&#8221;&#8221;][vc_column][\/vc_column][\/vc_row][vc_row row_type=&#8221;row&#8221; use_row_as_full_screen_section=&#8221;no&#8221; type=&#8221;grid&#8221; text_align=&#8221;left&#8221; background_animation=&#8221;none&#8221; padding_top=&#8221;25&#8243; padding_bottom=&#8221;35&#8243; css_animation=&#8221;&#8221;][vc_column width=&#8221;1\/2&#8243; offset=&#8221;vc_hidden-xs&#8221;][\/vc_column][vc_column width=&#8221;1\/2&#8243; offset=&#8221;vc_hidden-xs&#8221;][vc_column_text] Central Office Via Aurelia, 21 SALOU&#8230;<\/p>\n","protected":false},"author":1,"featured_media":0,"parent":0,"menu_order":0,"comment_status":"closed","ping_status":"closed","template":"full_width.php","meta":{"jetpack_post_was_ever_published":false,"footnotes":""},"jetpack_sharing_enabled":true,"jetpack_shortlink":"https:\/\/wp.me\/P9OkGD-bg","jetpack-related-posts":[],"_links":{"self":[{"href":"https:\/\/mele.cat\/en\/wp-json\/wp\/v2\/pages\/698"}],"collection":[{"href":"https:\/\/mele.cat\/en\/wp-json\/wp\/v2\/pages"}],"about":[{"href":"https:\/\/mele.cat\/en\/wp-json\/wp\/v2\/types\/page"}],"author":[{"embeddable":true,"href":"https:\/\/mele.cat\/en\/wp-json\/wp\/v2\/users\/1"}],"replies":[{"embeddable":true,"href":"https:\/\/mele.cat\/en\/wp-json\/wp\/v2\/comments?post=698"}],"version-history":[{"count":13,"href":"https:\/\/mele.cat\/en\/wp-json\/wp\/v2\/pages\/698\/revisions"}],"predecessor-version":[{"id":9865,"href":"https:\/\/mele.cat\/en\/wp-json\/wp\/v2\/pages\/698\/revisions\/9865"}],"wp:attachment":[{"href":"https:\/\/mele.cat\/en\/wp-json\/wp\/v2\/media?parent=698"}],"curies":[{"name":"wp","href":"https:\/\/api.w.org\/{rel}","templated":true}]}}