{"id":5558,"date":"2021-12-03T12:59:14","date_gmt":"2021-12-03T10:59:14","guid":{"rendered":"https:\/\/www.mele.cat\/?page_id=5558"},"modified":"2021-12-03T12:59:14","modified_gmt":"2021-12-03T10:59:14","slug":"politica-de-cookies","status":"publish","type":"page","link":"https:\/\/mele.cat\/es\/politica-de-cookies\/","title":{"rendered":"Pol\u00edtica de Cookies"},"content":{"rendered":"<p>[vc_row row_type=\u00bbrow\u00bb use_row_as_full_screen_section=\u00bbno\u00bb type=\u00bbfull_width\u00bb text_align=\u00bbleft\u00bb background_animation=\u00bbnone\u00bb css_animation=\u00bb\u00bb][vc_column][vc_column_text]<\/p>\n<h3>POL\u00cdTICA DE COOKIES<\/h3>\n<p>[\/vc_column_text][vc_empty_space][vc_column_text]<\/p>\n<p><b>Responsable:<\/b><span style=\"font-weight: 400;\"> MELGAMON, SL<\/span><\/p>\n<p><b>Finalidad y uso de cookies<\/b><span style=\"font-weight: 400;\">: Recopilar informaci\u00f3n que ayuda a optimizar la visita del usuario<\/span><\/p>\n<p><b>Base jur\u00eddica del uso de cookies:<\/b><span style=\"font-weight: 400;\"> por consentimiento del usuario, pues, el usuario puede permitir su uso o rechazarlo, o cambiar su configuraci\u00f3n siempre que lo desee\u00a0<\/span><\/p>\n<p><b>Destinatarios del tratamiento de datos a trav\u00e9s del uso de cookies:<\/b><span style=\"font-weight: 400;\"> seg\u00fan su tipolog\u00eda, se ceder\u00e1n a \u00ab<\/span><span style=\"font-weight: 400;\">google analytics, you tube, doubleclick &#8230;\u00bb<\/span><\/p>\n<p><b>Plazo de conservaci\u00f3n de los datos obtenidos a trav\u00e9s del uso de cookies:<\/b><span style=\"font-weight: 400;\"> el m\u00ednimo indispensable de acuerdo a su finalidad<\/span><\/p>\n<p><span style=\"font-weight: 400;\">Para m\u00e1s informaci\u00f3n puede acceder a nuestra <\/span><b>pol\u00edtica de privacidad<\/b><b>\u00a0<\/b><\/p>\n<p><span style=\"font-weight: 400;\">MELGAMON, SL, a trav\u00e9s del presente documento, recoge su Pol\u00edtica de recogida y tratamiento de cookies, en cumplimiento de lo dispuesto en el art\u00edculo 22.2 de la Ley 34\/2002, de 11 de julio, de Servicios de la Sociedad de la Informaci\u00f3n y de Comercio Electr\u00f3nico (LSSICE).<\/span><\/p>\n<p><span style=\"font-weight: 400;\">Las cookies se almacenan en el equipo terminal del usuario (ordenador o dispositivo m\u00f3vil) y recopilan informaci\u00f3n al visitar la p\u00e1gina web www.mele.cat &#8211; www.mele.cat, con la finalidad de mejorar la usabilidad de las mismas, conocer los h\u00e1bitos o necesidades de navegaci\u00f3n de los usuarios para poder adaptarse a los mismos, as\u00ed como obtener informaci\u00f3n con fines estad\u00edsticos. En el caso de aquellos usuarios que ya sean clientes de la entidad, la informaci\u00f3n recabada con las cookies servir\u00e1 tambi\u00e9n para su identificaci\u00f3n al acceder a las distintas herramientas que la entidad pone a su disposici\u00f3n para la gesti\u00f3n de los servicios.<\/span><\/p>\n<p><span style=\"font-weight: 400;\">La presente Pol\u00edtica de Cookies ser\u00e1 de aplicaci\u00f3n a aquellos usuarios que voluntariamente visitan las p\u00e1ginas web de la entidad, cumplimentan formularios de recogida de datos, acceden a las herramientas que la entidad pone a disposici\u00f3n de sus clientes para gestionar sus servicios, o utilizan cualquier otro servicio presente en el sitio web que implique la comunicaci\u00f3n de datos a la entidad, o el acceso a datos por la entidad, para la prestaci\u00f3n de sus servicios.<\/span><\/p>\n<p><span style=\"font-weight: 400;\">MELGAMON, SL informa a los usuarios de sus p\u00e1ginas web, de la existencia de cookies y pone a su disposici\u00f3n la presente Pol\u00edtica con la finalidad de informarles acerca del uso y del objeto de las mismas. El hecho de continuar la navegaci\u00f3n a trav\u00e9s de sus p\u00e1ginas supone el conocimiento y la aceptaci\u00f3n de la presente Pol\u00edtica por parte de dichos usuarios.<\/span><\/p>\n<p>[\/vc_column_text][vc_empty_space][vc_column_text]<\/p>\n<h4>TIPOS DE COOKIES:<\/h4>\n<p><b>Clasificadas por su titularidad:<\/b><\/p>\n<p><span style=\"font-weight: 400;\">* Cookies propias: enviadas y gestionadas directamente por la entidad.<\/span><\/p>\n<p><span style=\"font-weight: 400;\">* Cookies de terceros: enviadas y gestionadas por un tercero ajeno a la entidad, de forma an\u00f3nima, con la finalidad de realizar estudios estad\u00edsticos de navegaci\u00f3n por las p\u00e1ginas web de la entidad.<\/span><\/p>\n<p><b>Clasificadas por su finalidad<\/b><span style=\"font-weight: 400;\">:<\/span><\/p>\n<p><span style=\"font-weight: 400;\">* Cookies t\u00e9cnicas y\/o de personalizaci\u00f3n: facilitan la navegaci\u00f3n, al identificar la sesi\u00f3n, permitir el acceso a herramientas de acceso restringido, adem\u00e1s de configurar a medida las opciones disponibles. Posibilitan la prestaci\u00f3n del servicio solicitado previamente por el usuario.<\/span><\/p>\n<p><span style=\"font-weight: 400;\">* Cookies de an\u00e1lisis y\/o publicidad: permiten conocer el n\u00famero de visitas recibidas en las diferentes secciones de las p\u00e1ginas web, los h\u00e1bitos y tendencias de sus usuarios y en consecuencia, poder mejorar la navegaci\u00f3n y el servicio ofrecido por la entidad (fundamentalmente, Google Analytics), as\u00ed como gestionar los espacios publicitarios incluidos en la p\u00e1gina web visitada por el usuario. Recopila datos de forma an\u00f3nima con la finalidad de obtener perfiles de navegaci\u00f3n de los usuarios.<\/span><\/p>\n<p><span style=\"font-weight: 400;\">* Cookies de redes sociales externas: se utilizan para que los visitantes puedan interactuar con el contenido de diferentes plataformas sociales (facebook, youtube, twitter, linkedIn, etc..) y que se generen \u00fanicamente para los usuarios de dichas redes sociales. Las condiciones de utilizaci\u00f3n de estas cookies y la informaci\u00f3n recopilada se regula por la pol\u00edtica de privacidad de la plataforma social correspondiente.<\/span><\/p>\n<p><b>Clasificadas por su duraci\u00f3n:<\/b><\/p>\n<p><span style=\"font-weight: 400;\">* Cookies de sesi\u00f3n: recaban y almacenan los datos mientras el usuario accede a la p\u00e1gina web.<\/span><\/p>\n<p><span style=\"font-weight: 400;\">* Cookies persistentes: recaban y almacenan los datos en el terminal del usuario durante un periodo de tiempo variable en funci\u00f3n de cu\u00e1l sea la finalidad para la que han sido utilizadas.<\/span><\/p>\n<p>[\/vc_column_text][vc_empty_space][vc_column_text]<\/p>\n<h4>DESACTIVACI\u00d3N Y ELIMINACI\u00d3N DE COOKIES<\/h4>\n<p><span style=\"font-weight: 400;\">Tienes la opci\u00f3n de permitir, bloquear o eliminar las cookies instaladas en tu equipo mediante la configuraci\u00f3n de las opciones del navegador instalado en su equipo. Al desactivar cookies, algunos de los servicios disponibles podr\u00edan dejar de estar operativos. La forma de deshabilitar las cookies es diferente para cada navegador, pero normalmente puede hacerse desde el men\u00fa Herramientas u Opciones. Tambi\u00e9n puede consultarse el men\u00fa de Ayuda del navegador d\u00f3nde puedes encontrar instrucciones.\u00a0<\/span><\/p>\n<p><span style=\"font-weight: 400;\">El usuario podr\u00e1 en cualquier momento elegir qu\u00e9 cookies quiere que funcionen en este sitio web. Puede usted permitir, bloquear o eliminar las cookies instaladas en su equipo mediante la configuraci\u00f3n de las opciones del navegador instalado en su ordenador:\u00a0<\/span><\/p>\n<p><span style=\"font-weight: 400;\">\u0095Microsoft Internet Explorer o Microsoft Edge: http:\/\/windows.microsoft.com\/es-es\/windows-vista\/Block-or-allow-cookies\u00a0<\/span><\/p>\n<ul>\n<li><span style=\"font-weight: 400;\">Mozilla Firefox: http:\/\/support.mozilla.org\/es\/kb\/impedir-que-los-sitios-web-guarden-sus-preferencia\u00a0<\/span><\/li>\n<li><span style=\"font-weight: 400;\">Chrome: https:\/\/support.google.com\/accounts\/answer\/61416?hl=es\u00a0<\/span><\/li>\n<li><span style=\"font-weight: 400;\">Safari: http:\/\/safari.helpmax.net\/es\/privacidad-y-seguridad\/como-gestionar-las-cookies\/\u00a0<\/span><\/li>\n<li><span style=\"font-weight: 400;\">Opera: http:\/\/help.opera.com\/Linux\/10.60\/es-ES\/cookies.html\u00a0<\/span><\/li>\n<\/ul>\n<p><span style=\"font-weight: 400;\">Adem\u00e1s, tambi\u00e9n puede gestionar el almac\u00e9n de cookies en su navegador a trav\u00e9s de herramientas como las siguientes\u00a0<\/span><\/p>\n<ul>\n<li><span style=\"font-weight: 400;\">Ghostery: www.ghostery.com\/ <\/span><\/li>\n<li>Your online choices: www.youronlinechoices.com\/es\/<\/li>\n<\/ul>\n<p>[\/vc_column_text][vc_empty_space][vc_column_text]<\/p>\n<h3><b>2. \u00a0 Tipos de cookies que utilizamos<\/b><\/h3>\n<p><span style=\"font-weight: 400;\">Las cookies que utilizamos actualmente en este sitio web son las siguientes:<\/span><\/p>\n<ol>\n<li><span style=\"font-weight: 400;\"> Estrictamente necesarias<\/span><\/li>\n<\/ol>\n<table>\n<tbody>\n<tr>\n<td><b>Propietario\u00a0<\/b><\/td>\n<td><b>Nombre cookies<\/b><\/td>\n<td><b>Finalidad<\/b><\/td>\n<td><b>M\u00e1s informaci\u00f3n<\/b><\/td>\n<\/tr>\n<tr>\n<td><span style=\"font-weight: 400;\">Mele.cat<\/span><\/td>\n<td><span style=\"font-weight: 400;\">WordPress-&lt;property-id&gt; (c\u00f3digo num\u00e9rico variable seg\u00fan navegador)<\/span><\/td>\n<td><span style=\"font-weight: 400;\">Permite al usuario visualizar la p\u00e1gina, iniciar sesi\u00f3n a trav\u00e9s del registro e\u00a0 interactuar en ella como usuario registrado con las preferencias seleccionadas. Almacena los datos de acceso a la plataforma y las preferencias de navegaci\u00f3n, durante la sesi\u00f3n y, si as\u00ed lo desea el usuario, para posteriores accesos.<\/span><\/td>\n<td><span style=\"font-weight: 400;\">\u2013 <\/span><a href=\"https:\/\/mele.cat\/politica-de-privacidad\"><span style=\"font-weight: 400;\">Pol\u00edtica de privacidad de Mel\u00e9<\/span><\/a><\/td>\n<\/tr>\n<\/tbody>\n<\/table>\n<p>&nbsp;<\/p>\n<ol start=\"2\">\n<li><span style=\"font-weight: 400;\"> Funcionales<\/span><\/li>\n<\/ol>\n<p>&nbsp;<\/p>\n<table>\n<tbody>\n<tr>\n<td><b>Propietario\u00a0<\/b><\/td>\n<td><b>Nombre cookies<\/b><\/td>\n<td><b>Finalidad<\/b><\/td>\n<td><b>M\u00e1s informaci\u00f3n<\/b><\/td>\n<\/tr>\n<tr>\n<td><span style=\"font-weight: 400;\">Mele.cat<\/span><\/td>\n<td><span style=\"font-weight: 400;\">date_add<br \/>\n<\/span><span style=\"font-weight: 400;\">id_lang<br \/>\n<\/span><span style=\"font-weight: 400;\">id_currency<br \/>\n<\/span><span style=\"font-weight: 400;\">last_visited_category<br \/>\n<\/span><span style=\"font-weight: 400;\">ajax_blockcart_display<br \/>\n<\/span><span style=\"font-weight: 400;\">viewed<br \/>\n<\/span><span style=\"font-weight: 400;\">id_wishlist<br \/>\n<\/span><span style=\"font-weight: 400;\">id_guest<br \/>\n<\/span><span style=\"font-weight: 400;\">id_connections<br \/>\n<\/span><span style=\"font-weight: 400;\">id_customer<br \/>\n<\/span><span style=\"font-weight: 400;\">customer_lastname<br \/>\n<\/span><span style=\"font-weight: 400;\">customer_firstname<br \/>\n<\/span><span style=\"font-weight: 400;\">logged<br \/>\n<\/span><span style=\"font-weight: 400;\">passwd<br \/>\n<\/span><span style=\"font-weight: 400;\">email<br \/>\n<\/span><span style=\"font-weight: 400;\">id_cart<br \/>\n<\/span><span style=\"font-weight: 400;\">checksum<\/span><\/td>\n<td><span style=\"font-weight: 400;\">Estas cookies permiten la personalizaci\u00f3n de la tienda online seg\u00fan tus preferencias (Woocommerce, la plataforma que utilizamos, usa una \u00fanica cookie encriptada para almacenar toda la informaci\u00f3n de la sesi\u00f3n).<\/span><\/p>\n<p><span style=\"font-weight: 400;\">Algunas de estas preferencias son: idioma y moneda seleccionados, apariencia de la p\u00e1gina (listas desplegadas o no), \u00faltimos productos visitados, productos m\u00e1s vistos, productos marcados como favoritos, datos de acceso, datos de cliente y cesta actual.<\/span><\/td>\n<td><span style=\"font-weight: 400;\">\u2013 <\/span><a href=\"http:\/\/mele.cat\/politica-de-privacidad\"><span style=\"font-weight: 400;\">Pol\u00edtica de privacidad de Mel\u00e9<\/span><\/a><\/td>\n<\/tr>\n<\/tbody>\n<\/table>\n<p>&nbsp;<\/p>\n<ol start=\"3\">\n<li><span style=\"font-weight: 400;\"> De an\u00e1lisis y rendimiento de la web<\/span><\/li>\n<\/ol>\n<table>\n<tbody>\n<tr>\n<td><b>Propietario\u00a0<\/b><\/td>\n<td><b>Nombre cookies<\/b><\/td>\n<td><b>Finalidad<\/b><\/td>\n<td><b>M\u00e1s informaci\u00f3n<\/b><\/td>\n<\/tr>\n<tr>\n<td><span style=\"font-weight: 400;\">Google Analytics<\/span><\/td>\n<td><span style=\"font-weight: 400;\">CONSENT<\/span><\/p>\n<p><span style=\"font-weight: 400;\">_ga<br \/>\n<\/span><span style=\"font-weight: 400;\">_gid<br \/>\n<\/span><span style=\"font-weight: 400;\">_gat<br \/>\n<\/span><span style=\"font-weight: 400;\">AMP_TOKEN<br \/>\n<\/span><span style=\"font-weight: 400;\">_gac_&lt;property-id&gt;<\/span><\/p>\n<p><span style=\"font-weight: 400;\">(c\u00f3digo num\u00e9rico variable seg\u00fan navegador)<\/span><\/td>\n<td><span style=\"font-weight: 400;\">Estas cookies recopilan informaci\u00f3n <\/span><b>an\u00f3nima<\/b><span style=\"font-weight: 400;\"> sobre la navegaci\u00f3n de los usuarios por el sitio web con el fin de conocer el origen de las visitas y otros datos estad\u00edsticos similares. En ning\u00fan caso se identifica personalmente a los usuarios.<\/span><\/p>\n<p><span style=\"font-weight: 400;\">Adem\u00e1s de para ofrecer estad\u00edsticas de uso de los sitios web, Google Analytics tambi\u00e9n se puede utilizar junto con algunas de cookies publicitarias de Google para mostrar anuncios m\u00e1s relevantes en las propiedades de Google (p. ej., en el buscador de Google) y en toda la Web y para medir las interacciones con los anuncios que te muestra Google.<\/span><\/td>\n<td><span style=\"font-weight: 400;\">\u2013<\/span><a href=\"https:\/\/policies.google.com\/privacy\"> <span style=\"font-weight: 400;\">Centro<\/span> <span style=\"font-weight: 400;\">de privacidad de Google<\/span><\/a><\/p>\n<p><span style=\"font-weight: 400;\">\u2013 <\/span><a href=\"https:\/\/policies.google.com\/technologies\/types\"><span style=\"font-weight: 400;\">Tipos de Cookies que utiliza Google y para qu\u00e9 finalidad<\/span><\/a><\/p>\n<p><span style=\"font-weight: 400;\">\u2013 <\/span><a href=\"https:\/\/developers.google.com\/analytics\/devguides\/collection\/analyticsjs\/cookie-usage?hl=es\"><span style=\"font-weight: 400;\">Uso de las cookies de Google Analytics en sitios web<\/span><\/a><\/p>\n<p><span style=\"font-weight: 400;\">\u2013<\/span><a href=\"http:\/\/tools.google.com\/dlpage\/gaoptout?hl=es\"> <span style=\"font-weight: 400;\">Complemento de inhabilitaci\u00f3n de Google Analytics<\/span><\/a><\/td>\n<\/tr>\n<\/tbody>\n<\/table>\n<p>[\/vc_column_text][vc_empty_space][\/vc_column][\/vc_row]<\/p>\n","protected":false},"excerpt":{"rendered":"<p>[vc_row row_type=\u00bbrow\u00bb use_row_as_full_screen_section=\u00bbno\u00bb type=\u00bbfull_width\u00bb text_align=\u00bbleft\u00bb background_animation=\u00bbnone\u00bb css_animation=\u00bb\u00bb][vc_column][vc_column_text] POL\u00cdTICA DE COOKIES [\/vc_column_text][vc_empty_space][vc_column_text] Responsable: MELGAMON, SL Finalidad y uso de cookies: Recopilar informaci\u00f3n que ayuda a optimizar&#8230;<\/p>\n","protected":false},"author":1,"featured_media":0,"parent":0,"menu_order":0,"comment_status":"closed","ping_status":"closed","template":"","meta":{"jetpack_post_was_ever_published":false,"footnotes":""},"jetpack_sharing_enabled":true,"jetpack_shortlink":"https:\/\/wp.me\/P9OkGD-1rE","jetpack-related-posts":[],"_links":{"self":[{"href":"https:\/\/mele.cat\/es\/wp-json\/wp\/v2\/pages\/5558"}],"collection":[{"href":"https:\/\/mele.cat\/es\/wp-json\/wp\/v2\/pages"}],"about":[{"href":"https:\/\/mele.cat\/es\/wp-json\/wp\/v2\/types\/page"}],"author":[{"embeddable":true,"href":"https:\/\/mele.cat\/es\/wp-json\/wp\/v2\/users\/1"}],"replies":[{"embeddable":true,"href":"https:\/\/mele.cat\/es\/wp-json\/wp\/v2\/comments?post=5558"}],"version-history":[{"count":1,"href":"https:\/\/mele.cat\/es\/wp-json\/wp\/v2\/pages\/5558\/revisions"}],"predecessor-version":[{"id":5559,"href":"https:\/\/mele.cat\/es\/wp-json\/wp\/v2\/pages\/5558\/revisions\/5559"}],"wp:attachment":[{"href":"https:\/\/mele.cat\/es\/wp-json\/wp\/v2\/media?parent=5558"}],"curies":[{"name":"wp","href":"https:\/\/api.w.org\/{rel}","templated":true}]}}