{"id":607,"date":"2018-03-12T11:51:19","date_gmt":"2018-03-12T11:51:19","guid":{"rendered":"https:\/\/www.mele.cat\/targeta-regal-2\/"},"modified":"2018-04-07T10:21:11","modified_gmt":"2018-04-07T08:21:11","slug":"tarjeta-regalo","status":"publish","type":"page","link":"https:\/\/mele.cat\/es\/tarjeta-regalo\/","title":{"rendered":"Tarjeta regalo"},"content":{"rendered":"<p>[vc_row row_type=\u00bbrow\u00bb use_row_as_full_screen_section=\u00bbno\u00bb type=\u00bbfull_width\u00bb text_align=\u00bbleft\u00bb background_animation=\u00bbnone\u00bb padding_top=\u00bb120&#8243; padding_bottom=\u00bb100&#8243; css_animation=\u00bb\u00bb css=\u00bb.vc_custom_1520856037411{background-image: url(https:\/\/www.mele.cat\/wp-content\/uploads\/2018\/03\/targeta-regal-o-on.png?id=510) !important;}\u00bb][vc_column][vc_row_inner row_type=\u00bbrow\u00bb type=\u00bbfull_width\u00bb use_row_as_full_screen_section_slide=\u00bbno\u00bb text_align=\u00bbleft\u00bb css_animation=\u00bb\u00bb][vc_column_inner width=\u00bb1\/2&#8243;][\/vc_column_inner][vc_column_inner width=\u00bb1\/2&#8243;][vc_column_text]<\/p>\n<div id=\"scroll0Container\" class=\"scrollContainer\">\n<div id=\"scroll0Content\" class=\"scrollContent\">\n<h3><span style=\"color: #808080;\">\u00bfNo sabes qu\u00e9 regalar?<\/span><\/h3>\n<\/div>\n<\/div>\n<p>[\/vc_column_text][vc_empty_space height=\u00bb15&#8243;][vc_column_text]<\/p>\n<div id=\"scroll0Container\" class=\"scrollContainer\">\n<div id=\"scroll0Content\" class=\"scrollContent\">\n<h6>Regala una targeta regalo<\/h6>\n<\/div>\n<\/div>\n<p>[\/vc_column_text][vc_separator type=\u00bbsmall\u00bb position=\u00bbleft\u00bb border_style=\u00bb\u00bb up=\u00bb10&#8243; down=\u00bb10&#8243;][vc_column_text]<\/p>\n<div id=\"scroll0Container\" class=\"scrollContainer\">\n<div id=\"scroll0Content\" class=\"scrollContent\">\n<p><span style=\"font-weight: 400;\">Si no sabes qu\u00e9 regalar, si ya tiene de todo, si vas a \u00faltima hora o si quieres que le guste de verdad. Voil\u00e0! Mel\u00e9 te lo pone f\u00e1cil con su tarjeta regalo.<\/span><\/p>\n<p><span style=\"font-weight: 400;\">Ven a vernos, escoge el importe de la tarjeta regalo, 30\u20ac, 50\u20ac o 100\u20ac y el regalo perfecto ya es tuyo!<\/span><\/p>\n<p><span style=\"font-weight: 400;\">Las tarjetas regalo, son \u00fanicamente canjeables en las tiendas f\u00edsicas Mel\u00e9.<\/span><\/p>\n<\/div>\n<\/div>\n<p>[\/vc_column_text][vc_separator type=\u00bbsmall\u00bb position=\u00bbleft\u00bb border_style=\u00bb\u00bb up=\u00bb10&#8243; down=\u00bb10&#8243;][vc_column_text]<\/p>\n<div id=\"scroll0Container\" class=\"scrollContainer\">\n<div id=\"scroll0Content\" class=\"scrollContent\">\n<h6>\u00bfY las condiciones? Son estas:<\/h6>\n<p><span style=\"font-weight: 400;\">Puedes canjear esta tarjeta regalo en cualquiera de nuestras tiendas Mel\u00e9. Adem\u00e1s, tienes un a\u00f1o para poder decidirte, ya que no caduca hasta a\u00f1o vencido. El importe de la tarjeta no podr\u00e1 reembolsarse ni canjearse por dinero. <\/span><\/p>\n<p><span style=\"font-weight: 400;\">Si que podr\u00e1s cambiar las compras realizadas con esta tarjeta en un plazo de 15 d\u00edas desde la fecha de compra y bajo pol\u00edtica de cambios y devoluciones vigente en nuestras tiendas. <\/span><\/p>\n<\/div>\n<\/div>\n<p>[\/vc_column_text][\/vc_column_inner][\/vc_row_inner][\/vc_column][\/vc_row]<\/p>\n","protected":false},"excerpt":{"rendered":"<p>[vc_row row_type=\u00bbrow\u00bb use_row_as_full_screen_section=\u00bbno\u00bb type=\u00bbfull_width\u00bb text_align=\u00bbleft\u00bb background_animation=\u00bbnone\u00bb padding_top=\u00bb120&#8243; padding_bottom=\u00bb100&#8243; css_animation=\u00bb\u00bb css=\u00bb.vc_custom_1520856037411{background-image: url(https:\/\/www.mele.cat\/wp-content\/uploads\/2018\/03\/targeta-regal-o-on.png?id=510) !important;}\u00bb][vc_column][vc_row_inner row_type=\u00bbrow\u00bb type=\u00bbfull_width\u00bb use_row_as_full_screen_section_slide=\u00bbno\u00bb text_align=\u00bbleft\u00bb css_animation=\u00bb\u00bb][vc_column_inner width=\u00bb1\/2&#8243;][\/vc_column_inner][vc_column_inner width=\u00bb1\/2&#8243;][vc_column_text] \u00bfNo sabes qu\u00e9 regalar? [\/vc_column_text][vc_empty_space height=\u00bb15&#8243;][vc_column_text]&#8230;<\/p>\n","protected":false},"author":1,"featured_media":0,"parent":0,"menu_order":0,"comment_status":"closed","ping_status":"closed","template":"","meta":{"jetpack_post_was_ever_published":false,"footnotes":""},"jetpack_sharing_enabled":true,"jetpack_shortlink":"https:\/\/wp.me\/P9OkGD-9N","jetpack-related-posts":[],"_links":{"self":[{"href":"https:\/\/mele.cat\/es\/wp-json\/wp\/v2\/pages\/607"}],"collection":[{"href":"https:\/\/mele.cat\/es\/wp-json\/wp\/v2\/pages"}],"about":[{"href":"https:\/\/mele.cat\/es\/wp-json\/wp\/v2\/types\/page"}],"author":[{"embeddable":true,"href":"https:\/\/mele.cat\/es\/wp-json\/wp\/v2\/users\/1"}],"replies":[{"embeddable":true,"href":"https:\/\/mele.cat\/es\/wp-json\/wp\/v2\/comments?post=607"}],"version-history":[{"count":3,"href":"https:\/\/mele.cat\/es\/wp-json\/wp\/v2\/pages\/607\/revisions"}],"predecessor-version":[{"id":731,"href":"https:\/\/mele.cat\/es\/wp-json\/wp\/v2\/pages\/607\/revisions\/731"}],"wp:attachment":[{"href":"https:\/\/mele.cat\/es\/wp-json\/wp\/v2\/media?parent=607"}],"curies":[{"name":"wp","href":"https:\/\/api.w.org\/{rel}","templated":true}]}}