{"id":610,"date":"2018-04-05T10:11:27","date_gmt":"2018-04-05T10:11:27","guid":{"rendered":"https:\/\/www.mele.cat\/?page_id=610"},"modified":"2018-04-05T10:11:27","modified_gmt":"2018-04-05T10:11:27","slug":"cambios-y-devoluciones","status":"publish","type":"page","link":"https:\/\/mele.cat\/es\/cambios-y-devoluciones\/","title":{"rendered":"Cambios y devoluciones"},"content":{"rendered":"<p>[vc_row row_type=\u00bbrow\u00bb use_row_as_full_screen_section=\u00bbno\u00bb type=\u00bbfull_width\u00bb text_align=\u00bbleft\u00bb background_animation=\u00bbnone\u00bb padding_top=\u00bb120&#8243; padding_bottom=\u00bb100&#8243; css_animation=\u00bb\u00bb css=\u00bb.vc_custom_1520856750276{background-image: url(https:\/\/www.mele.cat\/wp-content\/uploads\/2018\/03\/Canvis-i-devolucions-1.png?id=516) !important;}\u00bb][vc_column][vc_row_inner row_type=\u00bbrow\u00bb type=\u00bbfull_width\u00bb use_row_as_full_screen_section_slide=\u00bbno\u00bb text_align=\u00bbleft\u00bb css_animation=\u00bb\u00bb][vc_column_inner width=\u00bb1\/2&#8243;][\/vc_column_inner][vc_column_inner width=\u00bb1\/2&#8243;][vc_column_text]<\/p>\n<div id=\"scroll0Container\" class=\"scrollContainer\">\n<div id=\"scroll0Content\" class=\"scrollContent\">\n<h3><span style=\"color: #808080;\">Cambios y devoluciones<\/span><\/h3>\n<\/div>\n<\/div>\n<p>[\/vc_column_text][vc_empty_space height=\u00bb15&#8243;][vc_column_text]<\/p>\n<div id=\"scroll0Container\" class=\"scrollContainer\">\n<div id=\"scroll0Content\" class=\"scrollContent\">\n<h6>Cambios<\/h6>\n<\/div>\n<\/div>\n<p>[\/vc_column_text][vc_separator type=\u00bbsmall\u00bb position=\u00bbleft\u00bb border_style=\u00bb\u00bb up=\u00bb10&#8243; down=\u00bb10&#8243;][vc_column_text]<\/p>\n<div id=\"scroll0Container\" class=\"scrollContainer\">\n<div id=\"scroll0Content\" class=\"scrollContent\">\n<p><span style=\"font-weight: 400;\">Si has realizado una compra en una de nuestras tiendas, tienes hasta 30 d\u00edas desde la fecha de compra para poder realizar un cambio de art\u00edculo.<\/span><\/p>\n<p><span style=\"font-weight: 400;\">Los cambios podr\u00e1n ser efectuados por otros art\u00edculos o podr\u00e1s elegir adquirir un vale de cambio. Este vale de cambio estar\u00e1 valorado con el importe del art\u00edculo o art\u00edculos que han sido devueltos a la tienda. <\/span><\/p>\n<\/div>\n<\/div>\n<p>[\/vc_column_text][vc_separator type=\u00bbsmall\u00bb position=\u00bbleft\u00bb border_style=\u00bb\u00bb up=\u00bb10&#8243; down=\u00bb10&#8243;][vc_column_text]<\/p>\n<div id=\"scroll0Container\" class=\"scrollContainer\">\n<div id=\"scroll0Content\" class=\"scrollContent\">\n<h6>Procedimiento<\/h6>\n<\/div>\n<\/div>\n<p>[\/vc_column_text][vc_separator type=\u00bbsmall\u00bb position=\u00bbleft\u00bb border_style=\u00bb\u00bb up=\u00bb10&#8243; down=\u00bb10&#8243;][vc_column_text]<\/p>\n<div id=\"scroll0Container\" class=\"scrollContainer\">\n<div id=\"scroll0Content\" class=\"scrollContent\">\n<p><span style=\"font-weight: 400;\">Una vez en la tienda, se tiene que entregar al personal de la tienda el art\u00edculo que quieres cambiar juntamente con el t\u00edquet de compra. Para que tal cambio sea aprobado, los art\u00edculos tendr\u00e1n que estar etiquetados y en perfecto estado. <\/span><\/p>\n<\/div>\n<\/div>\n<p>[\/vc_column_text][vc_separator type=\u00bbsmall\u00bb position=\u00bbleft\u00bb border_style=\u00bb\u00bb up=\u00bb10&#8243; down=\u00bb10&#8243;][vc_column_text]<\/p>\n<div id=\"scroll0Container\" class=\"scrollContainer\">\n<div id=\"scroll0Content\" class=\"scrollContent\">\n<h6>Devoluciones<\/h6>\n<\/div>\n<\/div>\n<p>[\/vc_column_text][vc_separator type=\u00bbsmall\u00bb position=\u00bbleft\u00bb border_style=\u00bb\u00bb up=\u00bb10&#8243; down=\u00bb10&#8243;][vc_column_text]<\/p>\n<div id=\"scroll0Container\" class=\"scrollContainer\">\n<div id=\"scroll0Content\" class=\"scrollContent\">\n<p><span style=\"font-weight: 400;\">No realizamos reembolsos en efectivo ni tarjeta de cr\u00e9dito, en caso de no querer realizar un un cambio de art\u00edculo inmediato, se emitir\u00e1 un vale de cambio.<\/span><\/p>\n<p><span style=\"font-weight: 400;\">No se aceptan cambios ni devoluciones de calzado, complementos ni vestidos de fiesta.<\/span><\/p>\n<p><span style=\"font-weight: 400;\">En temporada de rebajas no se emiten ni se admiten vales, los cambios se tienen que hacer por otros art\u00edculos. REBAJAS DE INVIERNO (1 enero &#8211; 5 marzo) y REBAJAS DE VERANO (1 de julio &#8211; 31 de agosto). <\/span><\/p>\n<\/div>\n<\/div>\n<p>[\/vc_column_text][\/vc_column_inner][\/vc_row_inner][\/vc_column][\/vc_row]<\/p>\n","protected":false},"excerpt":{"rendered":"<p>[vc_row row_type=\u00bbrow\u00bb use_row_as_full_screen_section=\u00bbno\u00bb type=\u00bbfull_width\u00bb text_align=\u00bbleft\u00bb background_animation=\u00bbnone\u00bb padding_top=\u00bb120&#8243; padding_bottom=\u00bb100&#8243; css_animation=\u00bb\u00bb css=\u00bb.vc_custom_1520856750276{background-image: url(https:\/\/www.mele.cat\/wp-content\/uploads\/2018\/03\/Canvis-i-devolucions-1.png?id=516) !important;}\u00bb][vc_column][vc_row_inner row_type=\u00bbrow\u00bb type=\u00bbfull_width\u00bb use_row_as_full_screen_section_slide=\u00bbno\u00bb text_align=\u00bbleft\u00bb css_animation=\u00bb\u00bb][vc_column_inner width=\u00bb1\/2&#8243;][\/vc_column_inner][vc_column_inner width=\u00bb1\/2&#8243;][vc_column_text] Cambios y devoluciones [\/vc_column_text][vc_empty_space height=\u00bb15&#8243;][vc_column_text] Cambios&#8230;<\/p>\n","protected":false},"author":1,"featured_media":0,"parent":0,"menu_order":0,"comment_status":"closed","ping_status":"closed","template":"","meta":{"jetpack_post_was_ever_published":false,"footnotes":""},"jetpack_sharing_enabled":true,"jetpack_shortlink":"https:\/\/wp.me\/P9OkGD-9Q","jetpack-related-posts":[],"_links":{"self":[{"href":"https:\/\/mele.cat\/es\/wp-json\/wp\/v2\/pages\/610"}],"collection":[{"href":"https:\/\/mele.cat\/es\/wp-json\/wp\/v2\/pages"}],"about":[{"href":"https:\/\/mele.cat\/es\/wp-json\/wp\/v2\/types\/page"}],"author":[{"embeddable":true,"href":"https:\/\/mele.cat\/es\/wp-json\/wp\/v2\/users\/1"}],"replies":[{"embeddable":true,"href":"https:\/\/mele.cat\/es\/wp-json\/wp\/v2\/comments?post=610"}],"version-history":[{"count":1,"href":"https:\/\/mele.cat\/es\/wp-json\/wp\/v2\/pages\/610\/revisions"}],"predecessor-version":[{"id":611,"href":"https:\/\/mele.cat\/es\/wp-json\/wp\/v2\/pages\/610\/revisions\/611"}],"wp:attachment":[{"href":"https:\/\/mele.cat\/es\/wp-json\/wp\/v2\/media?parent=610"}],"curies":[{"name":"wp","href":"https:\/\/api.w.org\/{rel}","templated":true}]}}